{"id":24009,"date":"2026-05-03T22:20:11","date_gmt":"2026-05-03T19:20:11","guid":{"rendered":"https:\/\/www.drsalihaydemir.com.tr\/services\/acil-durumlar\/"},"modified":"2026-05-09T09:25:14","modified_gmt":"2026-05-09T06:25:14","slug":"acil-durumlar","status":"publish","type":"page","link":"https:\/\/www.drsalihaydemir.com.tr\/en\/hizmetler\/acil-durumlar\/","title":{"rendered":"Emergencies"},"content":{"rendered":"<section class=\"drs-service-detail\"><p class=\"service-back\"><a href=\"\/en\/hizmetler\/\">\u2190 T\u00fcm hizmetler<\/a><\/p><p class=\"drs-service-lead\">Acil durum belirtileri olan \u00e7ocuklarda \u00f6ncelik, gecikmeden do\u011fru sa\u011fl\u0131k kurumuna ba\u015fvurmakt\u0131r. Muayenehaneye uygun olmayan acil bulgularda 112 veya en yak\u0131n acil servis tercih edilmelidir.<\/p><div class=\"drs-service-grid\"><section class=\"drs-service-block\"><h2>Kimler i\u00e7in?<\/h2><ul><li>Ailelerin acil uyar\u0131 i\u015faretlerini \u00f6\u011frenmek istedi\u011fi durumlar<\/li><li>Ate\u015f, solunum, s\u0131v\u0131 alamama veya bilin\u00e7 durumuyla ilgili endi\u015fe olan \u00e7ocuklar<\/li><li>Acil servis sonras\u0131 kontrol ve takip plan\u0131 gereken \u00e7ocuklar<\/li><\/ul><\/section><section class=\"drs-service-block\"><h2>Ne zaman doktora ba\u015fvurmal\u0131?<\/h2><ul><li>Nefes darl\u0131\u011f\u0131, morarma, bilin\u00e7 bulan\u0131kl\u0131\u011f\u0131 veya havale varsa<\/li><li>S\u0131v\u0131 alamama, s\u00fcrekli kusma, ciddi halsizlik veya h\u0131zl\u0131 k\u00f6t\u00fcle\u015fme varsa<\/li><li>Aile \u00e7ocu\u011fun durumunun acil olup olmad\u0131\u011f\u0131ndan emin de\u011filse<\/li><\/ul><\/section><section class=\"drs-service-block\"><h2>Muayenede neler de\u011ferlendirilir?<\/h2><ul><li>Acil uyar\u0131 i\u015faretleri ve genel durum de\u011ferlendirilir<\/li><li>Gerekli durumda acil servis veya ileri de\u011ferlendirme y\u00f6nlendirmesi yap\u0131l\u0131r<\/li><li>Acil olmayan durumlarda kontrol ve evde izlem plan\u0131 netle\u015ftirilir<\/li><\/ul><\/section><\/div><section class=\"drs-service-faq\"><h2>S\u0131k sorulan sorular<\/h2><details><summary>Acil Durumlar i\u00e7in randevu gerekli mi?<\/summary><p>Muayene ve de\u011ferlendirme s\u00fcrecinin d\u00fczenli ilerlemesi i\u00e7in randevu alman\u0131z \u00f6nerilir. Telefon veya WhatsApp \u00fczerinden uygun zaman bilgisi alabilirsiniz.<\/p><\/details><details><summary>Randevuya gelirken ne getirmeliyim?<\/summary><p>Varsa \u00f6nceki tetkikler, a\u015f\u0131 kart\u0131, kullan\u0131lan ila\u00e7lar ve \u00e7ocu\u011fun takip notlar\u0131 de\u011ferlendirmeye yard\u0131mc\u0131 olur.<\/p><\/details><details><summary>Takip plan\u0131 nas\u0131l belirlenir?<\/summary><p>Takip s\u0131kl\u0131\u011f\u0131 \u00e7ocu\u011fun ya\u015f\u0131, \u015fikayeti, muayene bulgular\u0131 ve aile \u00f6yk\u00fcs\u00fcne g\u00f6re ki\u015fiye \u00f6zel planlan\u0131r.<\/p><\/details><\/section><section class=\"drs-related-services\"><h2>Benzer hizmetler<\/h2><div class=\"drs-related-grid\"><a class=\"drs-related-card\" href=\"https:\/\/www.drsalihaydemir.com.tr\/en\/hizmetler\/izmir-yenidogan-muayenesi-ve-takibi\/\">Newborn Examination and Follow-up in Izmir<\/a><a class=\"drs-related-card\" href=\"https:\/\/www.drsalihaydemir.com.tr\/en\/hizmetler\/saglikli-cocuk-takibi-0-18-yas\/\">Well-child Follow-up (0-18 Years)<\/a><a class=\"drs-related-card\" href=\"https:\/\/www.drsalihaydemir.com.tr\/en\/hizmetler\/yenidogan-sariligi-takibi-ve-tedavisi\/\">Newborn Jaundice Follow-up and Treatment<\/a><a class=\"drs-related-card\" href=\"https:\/\/www.drsalihaydemir.com.tr\/en\/hizmetler\/emzirme-egitimi-ve-danismanligi\/\">Breastfeeding Education and Counseling<\/a><\/div><\/section><section class=\"drs-service-cta\"><h2>Contact for appointment and information<\/h2><p>\u00c7ocu\u011funuz i\u00e7in de\u011ferlendirme ve randevu bilgisi almak \u00fczere muayenehaneyle telefon veya WhatsApp \u00fczerinden ileti\u015fime ge\u00e7ebilirsiniz.<\/p><div class=\"drs-service-actions\"><a href=\"\/en\/iletisim\/\">Contact Information<\/a><a class=\"secondary\" href=\"https:\/\/wa.me\/905616165535\">WhatsApp<\/a><\/div><\/section><\/section>\n\n<p class=\"drs-related-blog-link\"><strong>\u0130lgili blog yaz\u0131s\u0131:<\/strong> <a href=\"https:\/\/www.drsalihaydemir.com.tr\/en\/zmirde-cocuk-doktoru-arayan-aileler-icin-7-kritik-tavsiye\/\">\u00a0\u0130zmir\u2019de \u00c7ocuk Doktoru Arayan Aileler \u0130\u00e7in 7 Kritik Tavsiye<\/a><\/p>","protected":false},"excerpt":{"rendered":"<p>\u2190 T\u00fcm hizmetler Acil durum belirtileri olan \u00e7ocuklarda \u00f6ncelik, gecikmeden do\u011fru sa\u011fl\u0131k kurumuna ba\u015fvurmakt\u0131r. Muayenehaneye uygun olmayan acil bulgularda 112 veya en yak\u0131n acil servis tercih edilmelidir. Kimler i\u00e7in? Ailelerin acil uyar\u0131 i\u015faretlerini \u00f6\u011frenmek istedi\u011fi durumlar Ate\u015f, solunum, s\u0131v\u0131 alamama veya bilin\u00e7 durumuyla ilgili endi\u015fe olan \u00e7ocuklar Acil servis sonras\u0131 kontrol ve takip plan\u0131 gereken [&hellip;]<\/p>\n","protected":false},"author":0,"featured_media":0,"parent":23457,"menu_order":0,"comment_status":"closed","ping_status":"closed","template":"","meta":{"footnotes":""},"class_list":["post-24009","page","type-page","status-publish","hentry"],"_links":{"self":[{"href":"https:\/\/www.drsalihaydemir.com.tr\/en\/wp-json\/wp\/v2\/pages\/24009","targetHints":{"allow":["GET"]}}],"collection":[{"href":"https:\/\/www.drsalihaydemir.com.tr\/en\/wp-json\/wp\/v2\/pages"}],"about":[{"href":"https:\/\/www.drsalihaydemir.com.tr\/en\/wp-json\/wp\/v2\/types\/page"}],"replies":[{"embeddable":true,"href":"https:\/\/www.drsalihaydemir.com.tr\/en\/wp-json\/wp\/v2\/comments?post=24009"}],"version-history":[{"count":5,"href":"https:\/\/www.drsalihaydemir.com.tr\/en\/wp-json\/wp\/v2\/pages\/24009\/revisions"}],"predecessor-version":[{"id":24500,"href":"https:\/\/www.drsalihaydemir.com.tr\/en\/wp-json\/wp\/v2\/pages\/24009\/revisions\/24500"}],"up":[{"embeddable":true,"href":"https:\/\/www.drsalihaydemir.com.tr\/en\/wp-json\/wp\/v2\/pages\/23457"}],"wp:attachment":[{"href":"https:\/\/www.drsalihaydemir.com.tr\/en\/wp-json\/wp\/v2\/media?parent=24009"}],"curies":[{"name":"wp","href":"https:\/\/api.w.org\/{rel}","templated":true}]}}