{"id":23996,"date":"2026-05-03T22:19:58","date_gmt":"2026-05-03T19:19:58","guid":{"rendered":"https:\/\/www.drsalihaydemir.com.tr\/services\/asi-sonrasi-reaksiyonlarin-izlenmesi\/"},"modified":"2026-05-09T09:25:14","modified_gmt":"2026-05-09T06:25:14","slug":"asi-sonrasi-reaksiyonlarin-izlenmesi","status":"publish","type":"page","link":"https:\/\/www.drsalihaydemir.com.tr\/en\/hizmetler\/asi-sonrasi-reaksiyonlarin-izlenmesi\/","title":{"rendered":"Monitoring Post-vaccination Reactions"},"content":{"rendered":"<section class=\"drs-service-detail\"><p class=\"service-back\"><a href=\"\/en\/hizmetler\/\">\u2190 T\u00fcm hizmetler<\/a><\/p><p class=\"drs-service-lead\">A\u015f\u0131 Sonras\u0131 Reaksiyonlar\u0131n \u0130zlenmesi, \u00e7ocu\u011fun ya\u015f\u0131na ve mevcut a\u015f\u0131 durumuna g\u00f6re g\u00fcvenli a\u015f\u0131lama ve a\u015f\u0131 sonras\u0131 izlem plan\u0131 olu\u015fturmak i\u00e7in yap\u0131l\u0131r.<\/p><div class=\"drs-service-grid\"><section class=\"drs-service-block\"><h2>Kimler i\u00e7in?<\/h2><ul><li>A\u015f\u0131 takvimi planlanacak bebek ve \u00e7ocuklar<\/li><li>Eksik ya da gecikmi\u015f a\u015f\u0131lar\u0131 olan \u00e7ocuklar<\/li><li>A\u015f\u0131 sonras\u0131 ate\u015f, huzursuzluk veya lokal reaksiyon ya\u015fayan \u00e7ocuklar<\/li><\/ul><\/section><section class=\"drs-service-block\"><h2>Ne zaman doktora ba\u015fvurmal\u0131?<\/h2><ul><li>A\u015f\u0131 zaman\u0131 geldiyse veya a\u015f\u0131 takvimi kar\u0131\u015ft\u0131ysa<\/li><li>A\u015f\u0131 sonras\u0131 ate\u015f, belirgin huzursuzluk ya da enjeksiyon yerinde reaksiyon varsa<\/li><li>\u00d6zel durumlar nedeniyle a\u015f\u0131 plan\u0131n\u0131n hekim taraf\u0131ndan de\u011ferlendirilmesi gerekiyorsa<\/li><\/ul><\/section><section class=\"drs-service-block\"><h2>Muayenede neler de\u011ferlendirilir?<\/h2><ul><li>A\u015f\u0131 kart\u0131 ve \u00f6nceki a\u015f\u0131 \u00f6yk\u00fcs\u00fc incelenir<\/li><li>\u00c7ocu\u011fun muayenesi ve a\u015f\u0131ya engel olabilecek durumlar de\u011ferlendirilir<\/li><li>A\u015f\u0131 sonras\u0131 evde izlem ve kontrol gerektiren bulgular aileye anlat\u0131l\u0131r<\/li><\/ul><\/section><\/div><section class=\"drs-service-faq\"><h2>S\u0131k sorulan sorular<\/h2><details><summary>A\u015f\u0131 Sonras\u0131 Reaksiyonlar\u0131n \u0130zlenmesi i\u00e7in randevu gerekli mi?<\/summary><p>Muayene ve de\u011ferlendirme s\u00fcrecinin d\u00fczenli ilerlemesi i\u00e7in randevu alman\u0131z \u00f6nerilir. Telefon veya WhatsApp \u00fczerinden uygun zaman bilgisi alabilirsiniz.<\/p><\/details><details><summary>Randevuya gelirken ne getirmeliyim?<\/summary><p>Varsa \u00f6nceki tetkikler, a\u015f\u0131 kart\u0131, kullan\u0131lan ila\u00e7lar ve \u00e7ocu\u011fun takip notlar\u0131 de\u011ferlendirmeye yard\u0131mc\u0131 olur.<\/p><\/details><details><summary>Takip plan\u0131 nas\u0131l belirlenir?<\/summary><p>Takip s\u0131kl\u0131\u011f\u0131 \u00e7ocu\u011fun ya\u015f\u0131, \u015fikayeti, muayene bulgular\u0131 ve aile \u00f6yk\u00fcs\u00fcne g\u00f6re ki\u015fiye \u00f6zel planlan\u0131r.<\/p><\/details><\/section><section class=\"drs-related-services\"><h2>Benzer hizmetler<\/h2><div class=\"drs-related-grid\"><a class=\"drs-related-card\" href=\"https:\/\/www.drsalihaydemir.com.tr\/en\/hizmetler\/atesli-cocuk-degerlendirmesi\/\">Evaluation of Children with Fever<\/a><a class=\"drs-related-card\" href=\"https:\/\/www.drsalihaydemir.com.tr\/en\/hizmetler\/cocuklarda-oksuruk-tani-ve-tedavisi\/\">Diagnosis and Treatment of Cough in Children<\/a><a class=\"drs-related-card\" href=\"https:\/\/www.drsalihaydemir.com.tr\/en\/hizmetler\/buyume-ve-gelisim-gerilikleri\/\">Growth and Developmental Delays<\/a><a class=\"drs-related-card\" href=\"https:\/\/www.drsalihaydemir.com.tr\/en\/hizmetler\/cocuklarda-demir-eksikligi-ve-anemi-takibi\/\">Iron Deficiency and Anemia Follow-up in Children<\/a><\/div><\/section><section class=\"drs-service-cta\"><h2>Contact for appointment and information<\/h2><p>\u00c7ocu\u011funuz i\u00e7in de\u011ferlendirme ve randevu bilgisi almak \u00fczere muayenehaneyle telefon veya WhatsApp \u00fczerinden ileti\u015fime ge\u00e7ebilirsiniz.<\/p><div class=\"drs-service-actions\"><a href=\"\/en\/iletisim\/\">Contact Information<\/a><a class=\"secondary\" href=\"https:\/\/wa.me\/905616165535\">WhatsApp<\/a><\/div><\/section><\/section>\n\n<p class=\"drs-related-blog-link\"><strong>\u0130lgili blog yaz\u0131s\u0131:<\/strong> <a href=\"https:\/\/www.drsalihaydemir.com.tr\/en\/altin-dakika-ve-yenidogan-bakimi-dogumdan-sonraki-ilk-60-saniyede-neler-yapilmali\/\">Golden Minute and Newborn Care: What Should Be Done in the First 60 Seconds After Birth?<\/a><\/p>","protected":false},"excerpt":{"rendered":"<p>\u2190 T\u00fcm hizmetler A\u015f\u0131 Sonras\u0131 Reaksiyonlar\u0131n \u0130zlenmesi, \u00e7ocu\u011fun ya\u015f\u0131na ve mevcut a\u015f\u0131 durumuna g\u00f6re g\u00fcvenli a\u015f\u0131lama ve a\u015f\u0131 sonras\u0131 izlem plan\u0131 olu\u015fturmak i\u00e7in yap\u0131l\u0131r. Kimler i\u00e7in? A\u015f\u0131 takvimi planlanacak bebek ve \u00e7ocuklar Eksik ya da gecikmi\u015f a\u015f\u0131lar\u0131 olan \u00e7ocuklar A\u015f\u0131 sonras\u0131 ate\u015f, huzursuzluk veya lokal reaksiyon ya\u015fayan \u00e7ocuklar Ne zaman doktora ba\u015fvurmal\u0131? A\u015f\u0131 zaman\u0131 geldiyse [&hellip;]<\/p>\n","protected":false},"author":0,"featured_media":0,"parent":23457,"menu_order":0,"comment_status":"closed","ping_status":"closed","template":"","meta":{"footnotes":""},"class_list":["post-23996","page","type-page","status-publish","hentry"],"_links":{"self":[{"href":"https:\/\/www.drsalihaydemir.com.tr\/en\/wp-json\/wp\/v2\/pages\/23996","targetHints":{"allow":["GET"]}}],"collection":[{"href":"https:\/\/www.drsalihaydemir.com.tr\/en\/wp-json\/wp\/v2\/pages"}],"about":[{"href":"https:\/\/www.drsalihaydemir.com.tr\/en\/wp-json\/wp\/v2\/types\/page"}],"replies":[{"embeddable":true,"href":"https:\/\/www.drsalihaydemir.com.tr\/en\/wp-json\/wp\/v2\/comments?post=23996"}],"version-history":[{"count":5,"href":"https:\/\/www.drsalihaydemir.com.tr\/en\/wp-json\/wp\/v2\/pages\/23996\/revisions"}],"predecessor-version":[{"id":24513,"href":"https:\/\/www.drsalihaydemir.com.tr\/en\/wp-json\/wp\/v2\/pages\/23996\/revisions\/24513"}],"up":[{"embeddable":true,"href":"https:\/\/www.drsalihaydemir.com.tr\/en\/wp-json\/wp\/v2\/pages\/23457"}],"wp:attachment":[{"href":"https:\/\/www.drsalihaydemir.com.tr\/en\/wp-json\/wp\/v2\/media?parent=23996"}],"curies":[{"name":"wp","href":"https:\/\/api.w.org\/{rel}","templated":true}]}}