{"id":23495,"date":"2025-03-13T09:43:32","date_gmt":"2025-03-13T09:43:32","guid":{"rendered":"https:\/\/medicora.keydesign.xyz\/child-care\/?page_id=23495"},"modified":"2026-05-03T21:51:51","modified_gmt":"2026-05-03T18:51:51","slug":"iletisim","status":"publish","type":"page","link":"https:\/\/www.drsalihaydemir.com.tr\/en\/iletisim\/","title":{"rendered":"Contact"},"content":{"rendered":"<h6>\n\t\t\t\t\t\tContact<br \/>\n\t\t\t\t\t<\/h6>\n<h2>We\u2019re here for you<\/h2>\n<p>Randevu ve muayenehane bilgileri i\u00e7in telefon, e-posta veya form \u00fczerinden bize ula\u015fabilirsiniz.<\/p>\n<p role=\"status\" aria-live=\"polite\" aria-atomic=\"true\">\n<ul><\/ul>\n<form action=\"\/child-care\/wp-admin\/admin.php?action=keydesign_submit_cleanup&#038;post=23495&#038;_wpnonce=269055902d#wpcf7-f10448-o1\" method=\"post\" aria-label=\"Contact form\" novalidate=\"novalidate\" data-status=\"init\" data-trp-original-action=\"\/child-care\/wp-admin\/admin.php?action=keydesign_submit_cleanup&#038;post=23495&#038;_wpnonce=269055902d#wpcf7-f10448-o1\">\n<fieldset><input type=\"hidden\" name=\"_wpcf7\" value=\"10448\" \/><input type=\"hidden\" name=\"_wpcf7_version\" value=\"6.1.2\" \/><input type=\"hidden\" name=\"_wpcf7_locale\" value=\"en_US\" \/><input type=\"hidden\" name=\"_wpcf7_unit_tag\" value=\"wpcf7-f10448-o1\" \/><input type=\"hidden\" name=\"_wpcf7_container_post\" value=\"0\" \/><input type=\"hidden\" name=\"_wpcf7_posted_data_hash\" value=\"\" \/><br \/>\n<\/fieldset>\n<p><label>Full name *<\/label><input size=\"40\" maxlength=\"400\" autocomplete=\"name\" aria-required=\"true\" aria-invalid=\"false\" value=\"\" type=\"text\" name=\"full-name\" \/>\n\t\t<\/p>\n<p><label>Phone number *<\/label><input size=\"40\" maxlength=\"400\" autocomplete=\"tel\" aria-required=\"true\" aria-invalid=\"false\" value=\"\" type=\"tel\" name=\"phone-number\" \/>\n\t\t<\/p>\n<p><label>Email address<\/label><input size=\"40\" maxlength=\"400\" autocomplete=\"email\" aria-invalid=\"false\" value=\"\" type=\"email\" name=\"email-address\" \/>\n\t\t<\/p>\n<p><label>Anything else you would like us to know?<\/label><textarea cols=\"40\" rows=\"10\" maxlength=\"2000\" aria-invalid=\"false\" name=\"your-message\"><\/textarea>\n\t<\/p>\n<p><label><input type=\"checkbox\" name=\"your-consent\" value=\"1\" aria-invalid=\"false\" \/>I understand and agree to the <a href=\"#\" target=\"_blank\">privacy policy<\/a>.<\/label>\n<\/p>\n<p><input type=\"submit\" value=\"Submit request\" \/>\n<\/p>\n<input type=\"hidden\" name=\"trp-form-language\" value=\"en\"\/><\/form>\n<h6>\n\t\t\t\t\t\tOur difference<br \/>\n\t\t\t\t\t<\/h6>\n<h2>Reliable, accessible, and patient-centered services<\/h2>\n<p>Phone, email and address information for Uzm. Dr. Salih Aydemir clinic is listed below.<\/p>\n<p>\t\t\t\t\t\t\t\t        <!-- link opening --><br \/>\n                <!-- end link opening --><\/p>\n<h4>\n                    Appointment and Contact                <\/h4>\n<p>Telefon veya WhatsApp \u00fczerinden randevu i\u00e7in ileti\u015fime ge\u00e7in.<\/p>\n<p>        \t\t\t\t\t        <!-- link opening --><br \/>\n                <!-- end link opening --><\/p>\n<h4>\n                    Patient first approach                <\/h4>\n<p>Every plan is designed with your needs in mind.<\/p>\n<p>        \t\t\t\t\t        <!-- link opening --><br \/>\n                <!-- end link opening --><\/p>\n<h4>\n                    Address                <\/h4>\n<p>K\u00fclt\u00fcr Mah. \u015eehit Nevres Boulevard No: 17\/1, Ege Apt. Flat:2 Alsancak, Konak\/Izmir<\/p>","protected":false},"excerpt":{"rendered":"<p>\u0130leti\u015fim We\u2019re here for you Randevu ve muayenehane bilgileri i\u00e7in telefon, e-posta veya form \u00fczerinden bize ula\u015fabilirsiniz. Full name * Phone number * Email address Anything else you would like us to know? I understand and agree to the privacy policy. Our difference Reliable, accessible, and patient-centered services Uzm. Dr. Salih Aydemir muayenehanesi i\u00e7in telefon, [&hellip;]<\/p>\n","protected":false},"author":1,"featured_media":0,"parent":0,"menu_order":0,"comment_status":"closed","ping_status":"closed","template":"","meta":{"footnotes":""},"class_list":["post-23495","page","type-page","status-publish","hentry"],"_links":{"self":[{"href":"https:\/\/www.drsalihaydemir.com.tr\/en\/wp-json\/wp\/v2\/pages\/23495","targetHints":{"allow":["GET"]}}],"collection":[{"href":"https:\/\/www.drsalihaydemir.com.tr\/en\/wp-json\/wp\/v2\/pages"}],"about":[{"href":"https:\/\/www.drsalihaydemir.com.tr\/en\/wp-json\/wp\/v2\/types\/page"}],"author":[{"embeddable":true,"href":"https:\/\/www.drsalihaydemir.com.tr\/en\/wp-json\/wp\/v2\/users\/1"}],"replies":[{"embeddable":true,"href":"https:\/\/www.drsalihaydemir.com.tr\/en\/wp-json\/wp\/v2\/comments?post=23495"}],"version-history":[{"count":1,"href":"https:\/\/www.drsalihaydemir.com.tr\/en\/wp-json\/wp\/v2\/pages\/23495\/revisions"}],"predecessor-version":[{"id":23980,"href":"https:\/\/www.drsalihaydemir.com.tr\/en\/wp-json\/wp\/v2\/pages\/23495\/revisions\/23980"}],"wp:attachment":[{"href":"https:\/\/www.drsalihaydemir.com.tr\/en\/wp-json\/wp\/v2\/media?parent=23495"}],"curies":[{"name":"wp","href":"https:\/\/api.w.org\/{rel}","templated":true}]}}