{"id":23457,"date":"2025-03-12T16:18:01","date_gmt":"2025-03-12T16:18:01","guid":{"rendered":"https:\/\/medicora.keydesign.xyz\/child-care\/?page_id=23457"},"modified":"2026-05-09T09:52:18","modified_gmt":"2026-05-09T06:52:18","slug":"hizmetler","status":"publish","type":"page","link":"https:\/\/www.drsalihaydemir.com.tr\/en\/hizmetler\/","title":{"rendered":"Services"},"content":{"rendered":"<style id=\"drs-services-index-style\">.services-index{max-width:1180px;margin:-34px auto 0;padding:0 20px 72px}.services-index>p{max-width:760px;margin:0 auto 28px;text-align:center;color:#5f6f7f}.services-index>h1{text-align:center;margin:0 0 14px}.services-grid{display:grid;grid-template-columns:repeat(3,minmax(0,1fr));gap:20px;align-items:stretch}.treatment-card{background:#fff;border:1px solid #e6eaf0;border-radius:8px;box-shadow:0 14px 34px rgba(13,31,51,.07);height:245px;padding:22px;box-sizing:border-box;display:flex;flex-direction:column;overflow:hidden;transition:transform .18s ease,box-shadow .18s ease,border-color .18s ease}.treatment-card:hover{transform:translateY(-3px);box-shadow:0 18px 42px rgba(13,31,51,.1);border-color:#cfd8e6}.treatment-card-number{font-size:12px;font-weight:700;color:#0f4c6d;background:#eef7fb;border-radius:999px;padding:4px 9px;align-self:flex-start;margin-bottom:12px}.treatment-card h2{font-size:19px;line-height:1.24;margin:0 0 10px;color:#10243a;display:-webkit-box;-webkit-line-clamp:2;-webkit-box-orient:vertical;overflow:hidden}.treatment-card p{font-size:14px;line-height:1.5;color:#627184;margin:0 0 10px;display:-webkit-box;-webkit-line-clamp:2;-webkit-box-orient:vertical;overflow:hidden}.treatment-card-cta{margin-top:auto;font-size:14px;font-weight:700;color:#0f4c6d;line-height:1.2;padding-top:8px;text-decoration:none}.services-index .services-footer-cta{text-align:center;margin-top:36px}.services-index .services-footer-cta a{display:inline-flex;border-radius:999px;background:#0f4c6d;color:#fff;padding:13px 22px;text-decoration:none;font-weight:700}@media(max-width:980px){.services-grid{grid-template-columns:repeat(2,minmax(0,1fr))}}@media(max-width:640px){.services-index{margin:-18px auto 0;padding:0 16px 58px}.services-grid{grid-template-columns:1fr}.treatment-card{height:235px;padding:20px}}<\/style>\n<section class=\"services-index\">\n<div class=\"services-grid\">\n<article class=\"treatment-card\"><span class=\"treatment-card-number\">01<\/span><\/p>\n<h2>Newborn Examination and Follow-up in Izmir<\/h2>\n<p>Do\u011fum sonras\u0131 ilk g\u00fcnlerden itibaren beslenme, kilo, sar\u0131l\u0131k ve genel sa\u011fl\u0131k takibi yap\u0131l\u0131r.<\/p>\n<p><a class=\"treatment-card-cta\" href=\"https:\/\/www.drsalihaydemir.com.tr\/en\/hizmetler\/izmir-yenidogan-muayenesi-ve-takibi\/\">View details<\/a><\/article>\n<article class=\"treatment-card\"><span class=\"treatment-card-number\">02<\/span><\/p>\n<h2>Well-child Follow-up (0-18 Years)<\/h2>\n<p>Sa\u011fl\u0131kl\u0131 \u00c7ocuk Takibi (0\u201318 Ya\u015f) i\u00e7in ya\u015fa ve ihtiyaca g\u00f6re muayene, takip ve aile bilgilendirmesi yap\u0131l\u0131r.<\/p>\n<p><a class=\"treatment-card-cta\" href=\"https:\/\/www.drsalihaydemir.com.tr\/en\/hizmetler\/saglikli-cocuk-takibi-0-18-yas\/\">View details<\/a><\/article>\n<article class=\"treatment-card\"><span class=\"treatment-card-number\">03<\/span><\/p>\n<h2>Newborn Jaundice Follow-up and Treatment<\/h2>\n<p>Do\u011fum sonras\u0131 ilk g\u00fcnlerden itibaren beslenme, kilo, sar\u0131l\u0131k ve genel sa\u011fl\u0131k takibi yap\u0131l\u0131r.<\/p>\n<p><a class=\"treatment-card-cta\" href=\"https:\/\/www.drsalihaydemir.com.tr\/en\/hizmetler\/yenidogan-sariligi-takibi-ve-tedavisi\/\">View details<\/a><\/article>\n<article class=\"treatment-card\"><span class=\"treatment-card-number\">04<\/span><\/p>\n<h2>Breastfeeding Education and Counseling<\/h2>\n<p>Bebek ve \u00e7ocuk beslenmesi, b\u00fcy\u00fcme-geli\u015fme ve aile d\u00fczenine g\u00f6re planlan\u0131r.<\/p>\n<p><a class=\"treatment-card-cta\" href=\"https:\/\/www.drsalihaydemir.com.tr\/en\/hizmetler\/emzirme-egitimi-ve-danismanligi\/\">View details<\/a><\/article>\n<article class=\"treatment-card\"><span class=\"treatment-card-number\">05<\/span><\/p>\n<h2>Complementary Feeding and Infant Nutrition<\/h2>\n<p>Bebek ve \u00e7ocuk beslenmesi, b\u00fcy\u00fcme-geli\u015fme ve aile d\u00fczenine g\u00f6re planlan\u0131r.<\/p>\n<p><a class=\"treatment-card-cta\" href=\"https:\/\/www.drsalihaydemir.com.tr\/en\/hizmetler\/tamamlayici-gida-ek-gida-ve-bebek-beslenmesi\/\">View details<\/a><\/article>\n<article class=\"treatment-card\"><span class=\"treatment-card-number\">06<\/span><\/p>\n<h2>Vaccination Schedule and Applications in Izmir<\/h2>\n<p>A\u015f\u0131 takvimi, eksik a\u015f\u0131lar ve a\u015f\u0131 sonras\u0131 izlem \u00e7ocu\u011fun ya\u015f\u0131na g\u00f6re planlan\u0131r.<\/p>\n<p><a class=\"treatment-card-cta\" href=\"https:\/\/www.drsalihaydemir.com.tr\/en\/hizmetler\/izmir-asi-takvimi-ve-uygulamalari\/\">View details<\/a><\/article>\n<article class=\"treatment-card\"><span class=\"treatment-card-number\">07<\/span><\/p>\n<h2>Monitoring Post-vaccination Reactions<\/h2>\n<p>A\u015f\u0131 takvimi, eksik a\u015f\u0131lar ve a\u015f\u0131 sonras\u0131 izlem \u00e7ocu\u011fun ya\u015f\u0131na g\u00f6re planlan\u0131r.<\/p>\n<p><a class=\"treatment-card-cta\" href=\"https:\/\/www.drsalihaydemir.com.tr\/en\/hizmetler\/asi-sonrasi-reaksiyonlarin-izlenmesi\/\">View details<\/a><\/article>\n<article class=\"treatment-card\"><span class=\"treatment-card-number\">08<\/span><\/p>\n<h2>Evaluation of Children with Fever<\/h2>\n<p>Ate\u015f, \u00f6ks\u00fcr\u00fck ve enfeksiyon belirtilerinde neden, risk durumu ve takip plan\u0131 de\u011ferlendirilir.<\/p>\n<p><a class=\"treatment-card-cta\" href=\"https:\/\/www.drsalihaydemir.com.tr\/en\/hizmetler\/atesli-cocuk-degerlendirmesi\/\">View details<\/a><\/article>\n<article class=\"treatment-card\"><span class=\"treatment-card-number\">09<\/span><\/p>\n<h2>Diagnosis and Treatment of Cough in Children<\/h2>\n<p>Ate\u015f, \u00f6ks\u00fcr\u00fck ve enfeksiyon belirtilerinde neden, risk durumu ve takip plan\u0131 de\u011ferlendirilir.<\/p>\n<p><a class=\"treatment-card-cta\" href=\"https:\/\/www.drsalihaydemir.com.tr\/en\/hizmetler\/cocuklarda-oksuruk-tani-ve-tedavisi\/\">View details<\/a><\/article>\n<article class=\"treatment-card\"><span class=\"treatment-card-number\">10<\/span><\/p>\n<h2>Growth and Developmental Delays<\/h2>\n<p>B\u00fcy\u00fcme, geli\u015fim, beslenme, uyku ve genel sa\u011fl\u0131k durumu b\u00fct\u00fcnc\u00fcl olarak de\u011ferlendirilir.<\/p>\n<p><a class=\"treatment-card-cta\" href=\"https:\/\/www.drsalihaydemir.com.tr\/en\/hizmetler\/buyume-ve-gelisim-gerilikleri\/\">View details<\/a><\/article>\n<article class=\"treatment-card\"><span class=\"treatment-card-number\">11<\/span><\/p>\n<h2>Iron Deficiency and Anemia Follow-up in Children<\/h2>\n<p>B\u00fcy\u00fcme, geli\u015fim, beslenme, uyku ve genel sa\u011fl\u0131k durumu b\u00fct\u00fcnc\u00fcl olarak de\u011ferlendirilir.<\/p>\n<p><a class=\"treatment-card-cta\" href=\"https:\/\/www.drsalihaydemir.com.tr\/en\/hizmetler\/cocuklarda-demir-eksikligi-ve-anemi-takibi\/\">View details<\/a><\/article>\n<article class=\"treatment-card\"><span class=\"treatment-card-number\">12<\/span><\/p>\n<h2>Asthma and Allergic Bronchitis Management in Children<\/h2>\n<p>Alerji, ast\u0131m, bron\u015fit ve cilt yak\u0131nmalar\u0131 \u00e7ocu\u011fun \u00f6yk\u00fcs\u00fc ve muayenesiyle de\u011ferlendirilir.<\/p>\n<p><a class=\"treatment-card-cta\" href=\"https:\/\/www.drsalihaydemir.com.tr\/en\/hizmetler\/cocuklarda-astim-ve-alerjik-bronsit-yonetimi\/\">View details<\/a><\/article>\n<article class=\"treatment-card\"><span class=\"treatment-card-number\">13<\/span><\/p>\n<h2>Transition to Complementary Feeding and Nutrition Counseling for Babies<\/h2>\n<p>Bebek ve \u00e7ocuk beslenmesi, b\u00fcy\u00fcme-geli\u015fme ve aile d\u00fczenine g\u00f6re planlan\u0131r.<\/p>\n<p><a class=\"treatment-card-cta\" href=\"https:\/\/www.drsalihaydemir.com.tr\/en\/hizmetler\/bebeklerde-ek-gidaya-tamamlayici-gida-gecis-ve-beslenme-danismanligi\/\">View details<\/a><\/article>\n<article class=\"treatment-card\"><span class=\"treatment-card-number\">14<\/span><\/p>\n<h2>Immune System Evaluation in Frequently Ill Babies and Children<\/h2>\n<p>B\u00fcy\u00fcme, geli\u015fim, beslenme, uyku ve genel sa\u011fl\u0131k durumu b\u00fct\u00fcnc\u00fcl olarak de\u011ferlendirilir.<\/p>\n<p><a class=\"treatment-card-cta\" href=\"https:\/\/www.drsalihaydemir.com.tr\/en\/hizmetler\/sik-hastalanan-bebek-ve-cocuklarda-bagisiklik-sistemi-degerlendirmesi\/\">View details<\/a><\/article>\n<article class=\"treatment-card\"><span class=\"treatment-card-number\">15<\/span><\/p>\n<h2>Ear, Nose and Throat Infections in Children<\/h2>\n<p>Ate\u015f, \u00f6ks\u00fcr\u00fck ve enfeksiyon belirtilerinde neden, risk durumu ve takip plan\u0131 de\u011ferlendirilir.<\/p>\n<p><a class=\"treatment-card-cta\" href=\"https:\/\/www.drsalihaydemir.com.tr\/en\/hizmetler\/cocuklarda-kulak-burun-bogaz-enfeksiyonlari\/\">View details<\/a><\/article>\n<article class=\"treatment-card\"><span class=\"treatment-card-number\">16<\/span><\/p>\n<h2>Skin Diseases in Children<\/h2>\n<p>Alerji, ast\u0131m, bron\u015fit ve cilt yak\u0131nmalar\u0131 \u00e7ocu\u011fun \u00f6yk\u00fcs\u00fc ve muayenesiyle de\u011ferlendirilir.<\/p>\n<p><a class=\"treatment-card-cta\" href=\"https:\/\/www.drsalihaydemir.com.tr\/en\/hizmetler\/cocuklarda-cilt-hastaliklari\/\">View details<\/a><\/article>\n<article class=\"treatment-card\"><span class=\"treatment-card-number\">17<\/span><\/p>\n<h2>Sleep Problems and Sleep Hygiene in Children<\/h2>\n<p>B\u00fcy\u00fcme, geli\u015fim, beslenme, uyku ve genel sa\u011fl\u0131k durumu b\u00fct\u00fcnc\u00fcl olarak de\u011ferlendirilir.<\/p>\n<p><a class=\"treatment-card-cta\" href=\"https:\/\/www.drsalihaydemir.com.tr\/en\/hizmetler\/cocuklarda-uyku-sorunlari-ve-uyku-hijyeni\/\">View details<\/a><\/article>\n<article class=\"treatment-card\"><span class=\"treatment-card-number\">18<\/span><\/p>\n<h2>Reflux and Digestive Problems Management in Children<\/h2>\n<p>B\u00fcy\u00fcme, geli\u015fim, beslenme, uyku ve genel sa\u011fl\u0131k durumu b\u00fct\u00fcnc\u00fcl olarak de\u011ferlendirilir.<\/p>\n<p><a class=\"treatment-card-cta\" href=\"https:\/\/www.drsalihaydemir.com.tr\/en\/hizmetler\/cocuklarda-reflu-ve-sindirim-sorunlari-yonetimi\/\">View details<\/a><\/article>\n<article class=\"treatment-card\"><span class=\"treatment-card-number\">19<\/span><\/p>\n<h2>Allergic Diseases<\/h2>\n<p>Alerji, ast\u0131m, bron\u015fit ve cilt yak\u0131nmalar\u0131 \u00e7ocu\u011fun \u00f6yk\u00fcs\u00fc ve muayenesiyle de\u011ferlendirilir.<\/p>\n<p><a class=\"treatment-card-cta\" href=\"https:\/\/www.drsalihaydemir.com.tr\/en\/hizmetler\/alerjik-hastaliklar\/\">View details<\/a><\/article>\n<article class=\"treatment-card\"><span class=\"treatment-card-number\">20<\/span><\/p>\n<h2>Emergencies<\/h2>\n<p>Acil uyar\u0131 i\u015faretleri, do\u011fru ba\u015fvuru zaman\u0131 ve takip plan\u0131 hakk\u0131nda aileye rehberlik edilir.<\/p>\n<p><a class=\"treatment-card-cta\" href=\"https:\/\/www.drsalihaydemir.com.tr\/en\/hizmetler\/acil-durumlar\/\">View details<\/a><\/article>\n<\/div>\n<p class=\"services-footer-cta\"><a href=\"\/en\/iletisim\/\">Appointment and Contact<\/a><\/p>\n<\/section>","protected":false},"excerpt":{"rendered":"<p>01 \u0130zmir Yenido\u011fan Muayenesi ve Takibi Do\u011fum sonras\u0131 ilk g\u00fcnlerden itibaren beslenme, kilo, sar\u0131l\u0131k ve genel sa\u011fl\u0131k takibi yap\u0131l\u0131r. Detaylar\u0131 incele 02 Sa\u011fl\u0131kl\u0131 \u00c7ocuk Takibi (0\u201318 Ya\u015f) Sa\u011fl\u0131kl\u0131 \u00c7ocuk Takibi (0\u201318 Ya\u015f) i\u00e7in ya\u015fa ve ihtiyaca g\u00f6re muayene, takip ve aile bilgilendirmesi yap\u0131l\u0131r. Detaylar\u0131 incele 03 Yenido\u011fan Sar\u0131l\u0131\u011f\u0131 Takibi ve Tedavisi Do\u011fum sonras\u0131 ilk g\u00fcnlerden [&hellip;]<\/p>\n","protected":false},"author":1,"featured_media":0,"parent":0,"menu_order":0,"comment_status":"closed","ping_status":"closed","template":"","meta":{"footnotes":""},"class_list":["post-23457","page","type-page","status-publish","hentry"],"_links":{"self":[{"href":"https:\/\/www.drsalihaydemir.com.tr\/en\/wp-json\/wp\/v2\/pages\/23457","targetHints":{"allow":["GET"]}}],"collection":[{"href":"https:\/\/www.drsalihaydemir.com.tr\/en\/wp-json\/wp\/v2\/pages"}],"about":[{"href":"https:\/\/www.drsalihaydemir.com.tr\/en\/wp-json\/wp\/v2\/types\/page"}],"author":[{"embeddable":true,"href":"https:\/\/www.drsalihaydemir.com.tr\/en\/wp-json\/wp\/v2\/users\/1"}],"replies":[{"embeddable":true,"href":"https:\/\/www.drsalihaydemir.com.tr\/en\/wp-json\/wp\/v2\/comments?post=23457"}],"version-history":[{"count":14,"href":"https:\/\/www.drsalihaydemir.com.tr\/en\/wp-json\/wp\/v2\/pages\/23457\/revisions"}],"predecessor-version":[{"id":24522,"href":"https:\/\/www.drsalihaydemir.com.tr\/en\/wp-json\/wp\/v2\/pages\/23457\/revisions\/24522"}],"wp:attachment":[{"href":"https:\/\/www.drsalihaydemir.com.tr\/en\/wp-json\/wp\/v2\/media?parent=23457"}],"curies":[{"name":"wp","href":"https:\/\/api.w.org\/{rel}","templated":true}]}}